{"id":92,"date":"2022-06-27T08:13:13","date_gmt":"2022-06-27T06:13:13","guid":{"rendered":"http:\/\/aikuiseksi.com\/?page_id=92"},"modified":"2026-05-04T09:45:16","modified_gmt":"2026-05-04T07:45:16","slug":"ajankohtaista","status":"publish","type":"page","link":"https:\/\/aikuiseksi.com\/?page_id=92","title":{"rendered":"Ajankohtaista"},"content":{"rendered":"\n<p><\/p>\n\n\n\n<p><strong>Energiaseksuaalisuus<\/strong><\/p>\n\n\n\n<p>Energiaseksi\u00e4<\/p>\n\n\n\n<p>Huomenta ja upeaa viikkoa kaikille&#8230;<\/p>\n\n\n\n<p>Ajattelin n\u00e4in viikon aluksi kirjoittaa energiaseksist\u00e4 ja energiaorgasmeista.<br>Joillekin jo tuttuja aiheita, joillekin vieraita ja jotkut eiv\u00e4t usko koko asiaan&#8230;<br>Tehdess\u00e4ni n\u00e4it\u00e4 torstaisaunalla ClubX:ll\u00e4 ihmiset olivat my\u00f6s hyvin h\u00e4mmentyneit\u00e4 ja ep\u00e4uskoisia naisten reaktioista kosketukseen ja kosketuksettomuuteen&#8230;<br>Nousi esiin my\u00f6s kysymys: Toimiiko tuo kaikille?<br>Hyv\u00e4 kysymys.<\/p>\n\n\n\n<p>P\u00e4\u00e4s\u00e4\u00e4nt\u00f6isesti jos kohde ei halua jotakin,niin miksi se toimisi?<br>Energia on kommunikaatiota siin\u00e4 miss\u00e4 muukin ja eettisesti ajatellen sen k\u00e4ytt\u00e4miseen seksuaalisesti tulisi olla aina explisiittinen lupa kaikkeen siihen, mit\u00e4 tapahtuu.<br>Siksi on turvallisinta tehd\u00e4 n\u00e4it\u00e4kin asioita vain sellaisten henkil\u00f6iden kanssa, jotka ilmaisevat halunsa siihen selke\u00e4sti ja konsensuaalisesti sovittujen rajojen puitteissa.<br>Yleens\u00e4 suosittelen kysym\u00e4\u00e4n ennen tekemist\u00e4 ne asiat, mit\u00e4 ei saa tehd\u00e4 tai tapahtua.<\/p>\n\n\n\n<p>Kuulostaa tosi hyv\u00e4lt\u00e4, mutta toteutuuuko t\u00e4m\u00e4?<br>Ei aina. Yleens\u00e4 kaikki uusi muotoutuu sit\u00e4 mukaa, kun sit\u00e4 toteutetaan enemm\u00e4n ja siihen tulee yleisempi\u00e4 k\u00e4yt\u00e4nteit\u00e4.<br>My\u00f6s virheet kuuluvat kehitykseen ja kasvuun ja niit\u00e4 ei pid\u00e4 pel\u00e4t\u00e4. Virheist\u00e4 oppiminen on t\u00e4rke\u00e4 osa uusien asioiden luomisen, kokemisen ja tekemisen prosessia.<\/p>\n\n\n\n<p>Olen ajatellut aloittaa energiakurssien pit\u00e4misen ihmisille, miehille ja naisille erikseen.<\/p>\n\n\n\n<p>Naisille olen l\u00e4hinn\u00e4 opettanut oman nautinnon saamista ja siit\u00e4 p\u00e4\u00e4tt\u00e4mist\u00e4, silloin kun itse haluaa riippumatta kumppanin taidoista tai fyysisest\u00e4 preesensist\u00e4.<br>T\u00e4t\u00e4 aion kuitenkin laajentaa energian ymm\u00e4rt\u00e4miseen ja kaytt\u00e4miseen elinvoimana kaikessa tekemisess\u00e4 ja olemisessa, my\u00f6s seksuaalisen kontekstin ulkopuolella.<\/p>\n\n\n\n<p>Miehille olen ajatellut laajaa kurssisarjaa kaikesta, mik\u00e4 liittyy oman energian parantamiseen, sen valjastamiseen positiiviseen el\u00e4m\u00e4nasenteeseen ja my\u00f6s sen vaikutuksista omaan seksuaalisuuteen ja sen n\u00e4kymiseen muille kokonaisuutena.<\/p>\n\n\n\n<p>Kokonaisuus, jos viettelee ja hurmaa hyv\u00e4ll\u00e4 energialla ja saa ihmiset nauttimaan olostaan l\u00e4hell\u00e4si.<\/p>\n\n\n\n<p>Aidointa on olla haluttu oman energiasi kautta, se ei ole feikattavissa tai puettavissa roolihahmoihin-(:<\/p>\n\n\n\n<figure class=\"wp-block-image size-full\"><img loading=\"lazy\" decoding=\"async\" width=\"677\" height=\"455\" src=\"https:\/\/aikuiseksi.com\/wp-content\/uploads\/2026\/05\/Kadet-kopio.jpeg\" alt=\"\" class=\"wp-image-466\" srcset=\"https:\/\/aikuiseksi.com\/wp-content\/uploads\/2026\/05\/Kadet-kopio.jpeg 677w, https:\/\/aikuiseksi.com\/wp-content\/uploads\/2026\/05\/Kadet-kopio-300x202.jpeg 300w, https:\/\/aikuiseksi.com\/wp-content\/uploads\/2026\/05\/Kadet-kopio-480x324.jpeg 480w\" sizes=\"auto, (max-width: 677px) 100vw, 677px\" \/><\/figure>\n\n\n\n<p><\/p>\n\n\n\n<p>Terveydenhuollon ammattilaiset sek\u00e4 Helsingin, Espoon ja Vantaan kaupunkien ty\u00f6ntekij\u00e4t saavat -20%<\/p>\n\n\n\n<p>alennusta palvelujeni hinnoista.<\/p>\n\n\n\n<p>Energiahoitojeni ajanvaraukseni on taas vello.fi\/aikuiseksi<\/p>\n\n\n\n<p>Olen oman sairauteni hoitamisen hyvien tulosten vuoksi keskittynyt paljon kivunhoitoon yhdistelem\u00e4ll\u00e4 eri tekniikoita ja tulokset hoidettavilla ovat olleet p\u00e4\u00e4s\u00e4\u00e4nt\u00f6isesti hyvi\u00e4.<\/p>\n\n\n\n<p><\/p>\n\n\n\n<p>Teen my\u00f6s Reikihoitoja sek\u00e4 Access Bars hoitoja.<\/p>\n\n\n\n<p><\/p>\n\n\n\n<p>Olen my\u00f6s aloittanut klassisen hieronnan harjoitushieronnat, niihin voit varata ajan e-mail tai puhelimitse. Hinta 50min hieronnalle on nyt vain 30\u20ac.<\/p>\n\n\n\n<p>Teen hoitoja ja neuvontaa sek\u00e4 et\u00e4yhteydell\u00e4 ett\u00e4 Lepp\u00e4vaarassa.<\/p>\n\n\n\n<p><\/p>\n\n\n\n<p><\/p>\n","protected":false},"excerpt":{"rendered":"<p>Energiaseksuaalisuus Energiaseksi\u00e4 Huomenta ja upeaa viikkoa kaikille&#8230; Ajattelin n\u00e4in viikon aluksi kirjoittaa energiaseksist\u00e4 ja energiaorgasmeista.Joillekin jo tuttuja aiheita, joillekin vieraita ja jotkut eiv\u00e4t usko koko asiaan&#8230;Tehdess\u00e4ni n\u00e4it\u00e4 torstaisaunalla ClubX:ll\u00e4 ihmiset &hellip; <\/p>\n","protected":false},"author":1,"featured_media":244,"parent":0,"menu_order":0,"comment_status":"closed","ping_status":"closed","template":"","meta":{"footnotes":""},"class_list":["post-92","page","type-page","status-publish","has-post-thumbnail","hentry"],"_links":{"self":[{"href":"https:\/\/aikuiseksi.com\/index.php?rest_route=\/wp\/v2\/pages\/92","targetHints":{"allow":["GET"]}}],"collection":[{"href":"https:\/\/aikuiseksi.com\/index.php?rest_route=\/wp\/v2\/pages"}],"about":[{"href":"https:\/\/aikuiseksi.com\/index.php?rest_route=\/wp\/v2\/types\/page"}],"author":[{"embeddable":true,"href":"https:\/\/aikuiseksi.com\/index.php?rest_route=\/wp\/v2\/users\/1"}],"replies":[{"embeddable":true,"href":"https:\/\/aikuiseksi.com\/index.php?rest_route=%2Fwp%2Fv2%2Fcomments&post=92"}],"version-history":[{"count":47,"href":"https:\/\/aikuiseksi.com\/index.php?rest_route=\/wp\/v2\/pages\/92\/revisions"}],"predecessor-version":[{"id":467,"href":"https:\/\/aikuiseksi.com\/index.php?rest_route=\/wp\/v2\/pages\/92\/revisions\/467"}],"wp:featuredmedia":[{"embeddable":true,"href":"https:\/\/aikuiseksi.com\/index.php?rest_route=\/wp\/v2\/media\/244"}],"wp:attachment":[{"href":"https:\/\/aikuiseksi.com\/index.php?rest_route=%2Fwp%2Fv2%2Fmedia&parent=92"}],"curies":[{"name":"wp","href":"https:\/\/api.w.org\/{rel}","templated":true}]}}