{"id":437,"date":"2025-09-14T19:28:33","date_gmt":"2025-09-14T17:28:33","guid":{"rendered":"https:\/\/aikuiseksi.com\/?page_id=437"},"modified":"2025-12-08T11:07:14","modified_gmt":"2025-12-08T10:07:14","slug":"kehosuhdehieronnat","status":"publish","type":"page","link":"https:\/\/aikuiseksi.com\/?page_id=437","title":{"rendered":"Kehosuhdehieronnat"},"content":{"rendered":"\n<p>KEHOSUHDEHIERONNASTANI..<br><\/p>\n\n\n\n<p>KUKA, MIKSI JA METODI<br>Olen pitk\u00e4n linjan seksuaalisuuden moniosaaja ja aikuisi\u00e4ll\u00e4 kiinnitt\u00e4nyt huomiota entist\u00e4 enemm\u00e4n seksuaalisuuden haasteisiin.<br>Swingeritausta, seksity\u00f6tausta ja seksuaalineuvojatausta antavat moniulotteista n\u00e4kemyst\u00e4 seksuaalisuuden ja kehon haasteisiin ja iloihin. My\u00f6s avusteisen seksin tarpeen n\u00e4keminen on avannut silmi\u00e4ni aiheen t\u00e4rkeydelle. Hierontakoulutus, energia, Tantrisuus ja viimeisimp\u00e4n\u00e4 energiahoidon opiskelu ovat antaneet uutta kosketuspohjaa my\u00f6s kosketuksesta ja sen vaikutuksesta hoidollisesti.<br>Seksity\u00f6 on kuitenkin ollut jo isoksi osaksi asiakkaiden neuvonnallista tukea ja siin\u00e4 se kehollinen kosketus ja tulokulma yhdistettyn\u00e4 asioista puhumiseen on osoittautunut hyvin tehokkaaksi keinoksi parantaa ihmisen omaa kehollisuutta ja sen hyv\u00e4ksynt\u00e4\u00e4, sek\u00e4 olemisen ett\u00e4 seksuaalisuuden ja seksuaalisen nautinnon parantamisessa.<br>Henkisyys on tuonut itselleni kyky\u00e4 saada my\u00f6s asiakkaiden tunteita ja kehollisia tuntemuksia paremmin her\u00e4\u00e4m\u00e4\u00e4n ja kasvamaan, puhun seksuaalisuuden her\u00e4\u00e4misest\u00e4 t\u00e4ss\u00e4 kontekstissa enemm\u00e4n.<br>Syit\u00e4 oman seksuaalisuuden hiipumiseen on monia. Pitk\u00e4 parisuhde, ruuhkavuodet, kumppani, asioiden urautuminen tai toistuminen, kehoa ja mielt\u00e4 huomioimaton koskeminen. My\u00f6s kommunikaation puute ja perush\u00e4pe\u00e4 omasta kehosta ja sen toimimattomuuden ajattelusta est\u00e4v\u00e4t usein puhumisen asiasta.<br>Joskus hyv\u00e4 seksuaaliterapeutti tai gynekologi voivat auttaa jollakin tasolla, ainakin teoriassa, mutta ilman sek\u00e4 fyysist\u00e4, ett\u00e4 seksuaalista kosketuspintaa asiaan se usein j\u00e4\u00e4 torsoksi ja asiakkaan vastuulle toteutuksissa.<br>Kehon ja mielen viritt\u00e4minen hyv\u00e4n kosketuksen vaatimukseen ja saamiseen on avain nopeassa palautumisessa seksuaalisesta vastaanottavaan tilaan.<br>T\u00e4h\u00e4n kehosuhdehieronta seksuaalineuvojan verbaalisella sek\u00e4 seksity\u00f6ntekij\u00e4n fyysisell\u00e4 osaamisella on ollut monen hyv\u00e4n asian yhdistelm\u00e4, joka voi olla pelk\u00e4st\u00e4\u00e4n omaa seksuaalisuutta ja kosketuksen vastaanottamista koskettavaa tai my\u00f6s fyysisen nautinnon ja sen mekanismien uudelleenopettelua ja her\u00e4tt\u00e4mist\u00e4.<br>Tarkoitus t\u00e4ss\u00e4 ei ole pelk\u00e4st\u00e4\u00e4n nautinnon tuottaminen asiakkaalle, vaan sen mekanismien uudelleenopettelu. Asiakas voi sitten vied\u00e4 her\u00e4nnee mielens\u00e4 ja kehonsa arkeensa ja sen suhteisiin.<br>Metodiosuus olisi jokaisen sovellettavissa my\u00f6s vaikka kumppanin kanssa.<br><br>Aloitan aina keskustelulla kokemuksista, tarpeista ja rajoista. Kerron, ett\u00e4 kysyn aina uuden kosketuksen tuntuessa tarpeelliselta ja pysyn sovituissa rajoissa.<br>Luottamus ja turvallinen tila ovat olennainen osa kokemusta.<br>Hierontap\u00f6yd\u00e4ll\u00e4 asiakas saa rentoutua rauhallisen ja paljon hidasta kosketusta sis\u00e4lt\u00e4v\u00e4n hieronnan alustaessa kehon kyky\u00e4 vastaanottaa kosketusta. Hieronta on l\u00e4hes kaikille tuttua, joten se rentouttaa kehoa ja mielt\u00e4 hyvin.<br>Puhun ja johdatan asiakasta kehollisista asioista puhumisen \u00e4\u00e4reen turvallisen ja positiivisen kosketuksen ohella ja t\u00e4m\u00e4 yhdistelm\u00e4 antaa my\u00f6s asiakkaalle paremman tuntuman omiin tuntemuksiin mielen ja kehon osalta,<br>Mahdollinen rintojen ja genitaalien k\u00e4sittely joko pintapuolisesti tai my\u00f6s sis\u00e4isesti on aina sovittaessa mahdollista ja se on usein osana kokonaisvaltaista hoitoa.<br>Erilaisten genitaalien kiputiloja ja yhdynt\u00e4kipujen sek\u00e4 penetraatiopelkojen ollessa kyseess\u00e4 on jo niiden hahmottaminen fyysisesti hyv\u00e4n kosketuksen kautta iso edistysaskel siihen, ett\u00e4 vain se oma tietoisuus ja keho ovat oppineet, ett\u00e4 kipu on ainoa indikaatio asiasta.<br>Kipukohtien ensin tiedostaminen ja niiden kohdentaminen oikeanlaisen kosketuksen kera on avaavaa asiakkaalle ja tiedostamisen j\u00e4lkeen voi alkaa sen paranemisen ja nautinnon oppiminen ja ehdollistuminen siihen kivun sijaan.<br>Puhumisen ja kehollisen ty\u00f6skentelyn yhdist\u00e4minen siihen, ett\u00e4 asiakkaan mieli ja keho antavat tilaa my\u00f6s nautinnolle on saanut monella ihan uuden el\u00e4misen ilon ja seksuaalisuudesta sek\u00e4 seksist\u00e4 nauttimisen mahdollisuuden.<br>Jopa vuosikymmeni\u00e4 jatkuneet yhdynt\u00e4kivut ovat poissa ja jopa muuttuneet nautinnoksi kehon ja mielen opittua sen, ett\u00e4 kosketus tai penetraatio eiv\u00e4t aiheuta kipua, vaan nautintoa.<br>Monella t\u00e4m\u00e4 on vaatinut yhdest\u00e4 kolmeen hoitokertaan ja tulokset ovat olleet mukana niin paljon paremmassa el\u00e4m\u00e4ss\u00e4.<br>Toivon syd\u00e4mest\u00e4ni, ett\u00e4 n\u00e4it\u00e4 kaikkia el\u00e4m\u00e4nlaatua parantavia asioita ja palveluja voidaan yhdist\u00e4\u00e4 asiakkaan parhaaksi joko moniammatillisen osaamisen ja ammattilaisten yhdess\u00e4 tehden.<br>Jos t\u00e4m\u00e4 yht\u00e4\u00e4n kolahti, yhteystietoni l\u00f6yd\u00e4t sivultani.<br>Lempein terveisin, Jouni<\/p>\n","protected":false},"excerpt":{"rendered":"<p>KEHOSUHDEHIERONNASTANI.. KUKA, MIKSI JA METODIOlen pitk\u00e4n linjan seksuaalisuuden moniosaaja ja aikuisi\u00e4ll\u00e4 kiinnitt\u00e4nyt huomiota entist\u00e4 enemm\u00e4n seksuaalisuuden haasteisiin.Swingeritausta, seksity\u00f6tausta ja seksuaalineuvojatausta antavat moniulotteista n\u00e4kemyst\u00e4 seksuaalisuuden ja kehon haasteisiin ja iloihin. My\u00f6s &hellip; <\/p>\n","protected":false},"author":1,"featured_media":0,"parent":0,"menu_order":0,"comment_status":"closed","ping_status":"closed","template":"","meta":{"footnotes":""},"class_list":["post-437","page","type-page","status-publish","hentry"],"_links":{"self":[{"href":"https:\/\/aikuiseksi.com\/index.php?rest_route=\/wp\/v2\/pages\/437","targetHints":{"allow":["GET"]}}],"collection":[{"href":"https:\/\/aikuiseksi.com\/index.php?rest_route=\/wp\/v2\/pages"}],"about":[{"href":"https:\/\/aikuiseksi.com\/index.php?rest_route=\/wp\/v2\/types\/page"}],"author":[{"embeddable":true,"href":"https:\/\/aikuiseksi.com\/index.php?rest_route=\/wp\/v2\/users\/1"}],"replies":[{"embeddable":true,"href":"https:\/\/aikuiseksi.com\/index.php?rest_route=%2Fwp%2Fv2%2Fcomments&post=437"}],"version-history":[{"count":3,"href":"https:\/\/aikuiseksi.com\/index.php?rest_route=\/wp\/v2\/pages\/437\/revisions"}],"predecessor-version":[{"id":456,"href":"https:\/\/aikuiseksi.com\/index.php?rest_route=\/wp\/v2\/pages\/437\/revisions\/456"}],"wp:attachment":[{"href":"https:\/\/aikuiseksi.com\/index.php?rest_route=%2Fwp%2Fv2%2Fmedia&parent=437"}],"curies":[{"name":"wp","href":"https:\/\/api.w.org\/{rel}","templated":true}]}}