{"id":431,"date":"2026-02-09T08:28:01","date_gmt":"2026-02-09T07:28:01","guid":{"rendered":"https:\/\/aikuiseksi.com\/?page_id=431"},"modified":"2026-02-09T08:28:01","modified_gmt":"2026-02-09T07:28:01","slug":"koulutukset","status":"publish","type":"page","link":"https:\/\/aikuiseksi.com\/?page_id=431","title":{"rendered":"KOULUTUKSET"},"content":{"rendered":"\n<p>Energiahoitokoulutukset ovat osa nykyist\u00e4 matkaani hyv\u00e4n\u00e4 osana sit\u00e4.<\/p>\n\n\n\n<p>Tapani opettaa on hyvin k\u00e4yt\u00e4nn\u00f6nl\u00e4heinen ja hands-on tyyppinen. <\/p>\n\n\n\n<p>Koulutan ihmisist\u00e4 hyvi\u00e4 hoitajia ja ennen kaikkea ihmisten kohtaajia.<\/p>\n\n\n\n<p>Opetan my\u00f6s tunnetiloihin liittyvi\u00e4 taitoja ja hoitamiseen liittyv\u00e4\u00e4 etiikkaa ja <\/p>\n\n\n\n<p>traumojen huomiointia.<\/p>\n\n\n\n<p>Ammattitaito koostuu niin tiedosta kuin opituista taidoista.<\/p>\n\n\n\n<p>Kuitenkin t\u00e4rkein ty\u00f6kalu ihmisten hoitamisessa on oma positiivinen energia sek\u00e4<\/p>\n\n\n\n<p>oikean intention luominen jatkuvana prosessina.<\/p>\n\n\n\n<p><\/p>\n\n\n\n<p>Intentio positiivisena voimavarana on kokonaisvaltainen tapa menn\u00e4 kohti parempaa hyvinvointia.<\/p>\n\n\n\n<p>Positiivinen ajattelu ja asenne on my\u00f6s yksi t\u00e4rkeimmist\u00e4 opeista ja sen prosessin k\u00e4ynnist\u00e4minen koulutuksessa. Kun oppii ajattelemaan ja toimimaan positiivisesti se vaikuttaa heti omaan energiaan.<\/p>\n\n\n\n<p>Kun oma energia muuttuu positiiviseksi se vaikuttaa my\u00f6s ymp\u00e4rist\u00f6\u00f6n ja muihin ihmisiin.<\/p>\n\n\n\n<p>Positiivisuuden muutos on kokonaisvaltaista muutosta, oma energia on avainasemassa siin\u00e4.<\/p>\n\n\n\n<p>Negatiiviset asiat ja ihmiset pikkuhiljaa katoavat ihan itse, koska viihtyminen ilman negatiivista vastetta on \u00e4\u00e4rimm\u00e4isen vaikeaa. <\/p>\n\n\n\n<p><\/p>\n","protected":false},"excerpt":{"rendered":"<p>Energiahoitokoulutukset ovat osa nykyist\u00e4 matkaani hyv\u00e4n\u00e4 osana sit\u00e4. Tapani opettaa on hyvin k\u00e4yt\u00e4nn\u00f6nl\u00e4heinen ja hands-on tyyppinen. Koulutan ihmisist\u00e4 hyvi\u00e4 hoitajia ja ennen kaikkea ihmisten kohtaajia. Opetan my\u00f6s tunnetiloihin liittyvi\u00e4 taitoja &hellip; <\/p>\n","protected":false},"author":1,"featured_media":0,"parent":0,"menu_order":0,"comment_status":"closed","ping_status":"closed","template":"","meta":{"footnotes":""},"class_list":["post-431","page","type-page","status-publish","hentry"],"_links":{"self":[{"href":"https:\/\/aikuiseksi.com\/index.php?rest_route=\/wp\/v2\/pages\/431","targetHints":{"allow":["GET"]}}],"collection":[{"href":"https:\/\/aikuiseksi.com\/index.php?rest_route=\/wp\/v2\/pages"}],"about":[{"href":"https:\/\/aikuiseksi.com\/index.php?rest_route=\/wp\/v2\/types\/page"}],"author":[{"embeddable":true,"href":"https:\/\/aikuiseksi.com\/index.php?rest_route=\/wp\/v2\/users\/1"}],"replies":[{"embeddable":true,"href":"https:\/\/aikuiseksi.com\/index.php?rest_route=%2Fwp%2Fv2%2Fcomments&post=431"}],"version-history":[{"count":1,"href":"https:\/\/aikuiseksi.com\/index.php?rest_route=\/wp\/v2\/pages\/431\/revisions"}],"predecessor-version":[{"id":433,"href":"https:\/\/aikuiseksi.com\/index.php?rest_route=\/wp\/v2\/pages\/431\/revisions\/433"}],"wp:attachment":[{"href":"https:\/\/aikuiseksi.com\/index.php?rest_route=%2Fwp%2Fv2%2Fmedia&parent=431"}],"curies":[{"name":"wp","href":"https:\/\/api.w.org\/{rel}","templated":true}]}}