{"id":424,"date":"2025-06-29T11:03:41","date_gmt":"2025-06-29T09:03:41","guid":{"rendered":"https:\/\/aikuiseksi.com\/?page_id=424"},"modified":"2025-06-29T11:03:41","modified_gmt":"2025-06-29T09:03:41","slug":"hoitokokemuksia","status":"publish","type":"page","link":"https:\/\/aikuiseksi.com\/?page_id=424","title":{"rendered":"HOITOKOKEMUKSIA."},"content":{"rendered":"\n<p>Fibropotilaan kokemus hoidoistani:<\/p>\n\n\n\n<p>&#8221;Aloin k\u00e4yd\u00e4 Jounin hoidossa marraskuussa 2024.&nbsp; Olin silloin tosi uupunut ja k\u00e4rsin laaja-alaisista kivuista ja ajatusmaailmani oli hyvin negatiivinen. Heti ensimm\u00e4isen hoitokerran j\u00e4lkeen lonkkakipu oli poissa. Lonkkakipuani oli hoidettu useita kertoja l\u00e4\u00e4k\u00e4riss\u00e4 limapussitulehduksena kortisonipistoksilla. K\u00e4vin alkuun hoidoissa kaksi kertaa viikossa. Kerta kerralta huomasin, ett\u00e4 negatiiviset ajatukset vaimenivat ja tilalle tuli positiivisia ajatuksia ja kehoni rauhoittui ja kivut h\u00e4visiv\u00e4t.&nbsp;<\/p>\n\n\n\n<p>Jouni on ty\u00f6ss\u00e4\u00e4n rauhallinen ja lempe\u00e4, h\u00e4n kohtaa kaikki asiakkaat yksil\u00f6in\u00e4. H\u00e4n haluaa vilpitt\u00f6m\u00e4sti auttaa asiakkaitaan kohti kivuttomampaa ja parempaa el\u00e4m\u00e4\u00e4. Hoitotilanne on aina ihanan rauhallinen ja jokainen hoitokerta on erilainen. Jounin kanssa voi keskustella kaikista mielen p\u00e4\u00e4ll\u00e4 olevista asioista. Jokainen hoitokerta on minulla samalla kuin terapiaa, siin\u00e4 hoidetaan sek\u00e4 mielt\u00e4 ett\u00e4 kehoa. Hoidon j\u00e4lkeen olo on rentoutunut. Voin l\u00e4mpim\u00e4sti suositella Jounin hoitoja kaikille, oli vaiva mik\u00e4 tahansa.<\/p>\n\n\n\n<p>Innostuin my\u00f6s itse kouluttautumaan hoitajaksi, koska sain niin suuren avun omiin vaivoihin. Voin t\u00e4ll\u00e4 hetkell\u00e4 tosi hyvin.&#8221;<\/p>\n\n\n\n<p><\/p>\n\n\n\n<p>&#8221;Olen k\u00e4ynyt sarjan energiahoitoja, joista haluan l\u00e4mpim\u00e4sti kiitt\u00e4\u00e4 Jounia. Jokaisen hoitokerran j\u00e4lkeen olen kokenut oloni tyynemm\u00e4ksi ja rentoutuneemmaksi, mik\u00e4 on auttanut minua v\u00e4hent\u00e4m\u00e4\u00e4n stressi\u00e4 ja l\u00f6yt\u00e4m\u00e4\u00e4n rauhaa kiireisen arjen keskell\u00e4. Aina hoidon j\u00e4lkeen olen ollut paremmin linjassa itseni kanssa.<\/p>\n\n\n\n<p>Jo yksi hoitokerta on ollut hy\u00f6dyllinen, ja sarjahoitona olen kokenut saavani viel\u00e4 monin kerroin enemm\u00e4n hy\u00f6ty\u00e4. Hoidot ovat olleet erityisen arvokkaita, koska ne ovat auttaneet minua k\u00e4sittelem\u00e4\u00e4n my\u00f6s syv\u00e4llisempi\u00e4 asioita, kuten lapsuuden traumoja. Hoto on ollut tarpeen mukaan joko syv\u00e4luotaavaa ty\u00f6skentely\u00e4 tai kehon ja mielen rauhoittamista.<\/p>\n\n\n\n<p>Jouni on ollut lempe\u00e4, l\u00e4sn\u00e4oleva ja taitava arvioimaan, mit\u00e4 keho ja mieli tarvitsee kullakin hoitokerralla. Jouni k\u00e4ytt\u00e4\u00e4 erilaisia tekniikoita yhdistellen ja soveltaen tilanteen mukaan. H\u00e4n on lempe\u00e4, l\u00e4sn\u00e4oleva ja eritt\u00e4in taitava arvioimaan, millainen hoito on juuri sill\u00e4 hetkell\u00e4 tarpeen. T\u00e4m\u00e4 luo turvallisen ja rauhoittavan ilmapiirin, jossa on helppo rentoutua t\u00e4ysin. Voin varauksetta suositella hoitoa kenelle tahansa, joka haluaa l\u00f6yt\u00e4\u00e4 yhteyden itseens\u00e4 ja rauhoittaa sek\u00e4 kehoaan ett\u00e4 mielt\u00e4\u00e4n.&#8221;<\/p>\n","protected":false},"excerpt":{"rendered":"<p>Fibropotilaan kokemus hoidoistani: &#8221;Aloin k\u00e4yd\u00e4 Jounin hoidossa marraskuussa 2024.&nbsp; Olin silloin tosi uupunut ja k\u00e4rsin laaja-alaisista kivuista ja ajatusmaailmani oli hyvin negatiivinen. Heti ensimm\u00e4isen hoitokerran j\u00e4lkeen lonkkakipu oli poissa. Lonkkakipuani &hellip; <\/p>\n","protected":false},"author":1,"featured_media":0,"parent":0,"menu_order":0,"comment_status":"closed","ping_status":"closed","template":"","meta":{"footnotes":""},"class_list":["post-424","page","type-page","status-publish","hentry"],"_links":{"self":[{"href":"https:\/\/aikuiseksi.com\/index.php?rest_route=\/wp\/v2\/pages\/424","targetHints":{"allow":["GET"]}}],"collection":[{"href":"https:\/\/aikuiseksi.com\/index.php?rest_route=\/wp\/v2\/pages"}],"about":[{"href":"https:\/\/aikuiseksi.com\/index.php?rest_route=\/wp\/v2\/types\/page"}],"author":[{"embeddable":true,"href":"https:\/\/aikuiseksi.com\/index.php?rest_route=\/wp\/v2\/users\/1"}],"replies":[{"embeddable":true,"href":"https:\/\/aikuiseksi.com\/index.php?rest_route=%2Fwp%2Fv2%2Fcomments&post=424"}],"version-history":[{"count":1,"href":"https:\/\/aikuiseksi.com\/index.php?rest_route=\/wp\/v2\/pages\/424\/revisions"}],"predecessor-version":[{"id":426,"href":"https:\/\/aikuiseksi.com\/index.php?rest_route=\/wp\/v2\/pages\/424\/revisions\/426"}],"wp:attachment":[{"href":"https:\/\/aikuiseksi.com\/index.php?rest_route=%2Fwp%2Fv2%2Fmedia&parent=424"}],"curies":[{"name":"wp","href":"https:\/\/api.w.org\/{rel}","templated":true}]}}