{"id":338,"date":"2024-09-04T12:42:34","date_gmt":"2024-09-04T10:42:34","guid":{"rendered":"https:\/\/aikuiseksi.com\/?page_id=338"},"modified":"2024-09-04T12:59:41","modified_gmt":"2024-09-04T10:59:41","slug":"tyohyvinvointipalvelut","status":"publish","type":"page","link":"https:\/\/aikuiseksi.com\/?page_id=338","title":{"rendered":"TY\u00d6HYVINVOINTIPALVELUT"},"content":{"rendered":"\n<p>Ty\u00f6hyvinvointipalveluni sis\u00e4lt\u00e4v\u00e4t kehon ja mielen tasapainottamista ymp\u00e4rist\u00f6n mukaan erilaisilla harjoituksilla niin ergonomian kuin ty\u00f6pohjaisen stressin osalta.<\/p>\n\n\n\n<p>Ty\u00f6ergonomian saralla omaamme pitk\u00e4n kokemuksen paremmista ratkaisuista hyvinvoinnin eduksi.<\/p>\n\n\n\n<p>Varaa aika alkukartoitukseen niin katsomme oikeat askeleet ty\u00f6hyvinvointiin osaltasi.<\/p>\n","protected":false},"excerpt":{"rendered":"<p>Ty\u00f6hyvinvointipalveluni sis\u00e4lt\u00e4v\u00e4t kehon ja mielen tasapainottamista ymp\u00e4rist\u00f6n mukaan erilaisilla harjoituksilla niin ergonomian kuin ty\u00f6pohjaisen stressin osalta. Ty\u00f6ergonomian saralla omaamme pitk\u00e4n kokemuksen paremmista ratkaisuista hyvinvoinnin eduksi. Varaa aika alkukartoitukseen niin katsomme &hellip; <\/p>\n","protected":false},"author":1,"featured_media":0,"parent":0,"menu_order":0,"comment_status":"closed","ping_status":"closed","template":"","meta":{"footnotes":""},"class_list":["post-338","page","type-page","status-publish","hentry"],"_links":{"self":[{"href":"https:\/\/aikuiseksi.com\/index.php?rest_route=\/wp\/v2\/pages\/338","targetHints":{"allow":["GET"]}}],"collection":[{"href":"https:\/\/aikuiseksi.com\/index.php?rest_route=\/wp\/v2\/pages"}],"about":[{"href":"https:\/\/aikuiseksi.com\/index.php?rest_route=\/wp\/v2\/types\/page"}],"author":[{"embeddable":true,"href":"https:\/\/aikuiseksi.com\/index.php?rest_route=\/wp\/v2\/users\/1"}],"replies":[{"embeddable":true,"href":"https:\/\/aikuiseksi.com\/index.php?rest_route=%2Fwp%2Fv2%2Fcomments&post=338"}],"version-history":[{"count":2,"href":"https:\/\/aikuiseksi.com\/index.php?rest_route=\/wp\/v2\/pages\/338\/revisions"}],"predecessor-version":[{"id":342,"href":"https:\/\/aikuiseksi.com\/index.php?rest_route=\/wp\/v2\/pages\/338\/revisions\/342"}],"wp:attachment":[{"href":"https:\/\/aikuiseksi.com\/index.php?rest_route=%2Fwp%2Fv2%2Fmedia&parent=338"}],"curies":[{"name":"wp","href":"https:\/\/api.w.org\/{rel}","templated":true}]}}