{"id":26,"date":"2023-06-28T11:04:58","date_gmt":"2023-06-28T09:04:58","guid":{"rendered":"http:\/\/aikuiseksi.com\/?page_id=26"},"modified":"2025-12-09T13:30:00","modified_gmt":"2025-12-09T12:30:00","slug":"contact","status":"publish","type":"page","link":"https:\/\/aikuiseksi.com\/?page_id=26","title":{"rendered":"Yhteystiedot ja hinnasto"},"content":{"rendered":"\n<p class=\"has-black-color has-text-color\">Jouni Forsstr\u00f6m<\/p>\n\n\n\n<p class=\"has-black-color has-text-color\">jouni@aikuiseksi.com<\/p>\n\n\n\n<p class=\"has-black-color has-text-color\">+358400873388<\/p>\n\n\n\n<p><\/p>\n\n\n\n<p><\/p>\n\n\n\n<p class=\"has-vivid-red-color has-text-color\"><\/p>\n\n\n\n<h2 class=\"wp-block-heading has-black-color has-text-color\">Hinnasto<\/h2>\n\n\n\n<p>Energiahoidot 80\u20ac kerta, 10X sarjakortti 500\u20ac, voi my\u00f6s k\u00e4ytt\u00e4\u00e4 yrityksen tai perheen ja yst\u00e4vien kesken.<\/p>\n\n\n\n<p class=\"has-black-color has-text-color\">Access Bars -hoidot 60 &#8211; 70\u20ac<\/p>\n\n\n\n<p class=\"has-black-color has-text-color\"><\/p>\n\n\n\n<p class=\"has-black-color has-text-color\">Seksuaalineuvonta 45min 60\u20ac, 90min 120\u20ac<\/p>\n\n\n\n<p class=\"has-black-color has-text-color\">Parineuvonta 75min 100\u20ac<\/p>\n\n\n\n<p>Energiahieronta, klassisen hieronnan ja energiahoidon yhdistelm\u00e4 45min 60\u20ac, 60min 75\u20ac<\/p>\n\n\n\n<p>Purkava kehosuhdehieronta 30min 50\u20ac, 60 min 90\u20ac<\/p>\n\n\n\n<h2 class=\"wp-block-heading has-black-color has-text-color\"><\/h2>\n\n\n\n<p><\/p>\n\n\n\n<p><\/p>\n\n\n\n<p><\/p>\n\n\n\n<p class=\"has-vivid-red-color has-text-color\"><\/p>\n","protected":false},"excerpt":{"rendered":"<p>Jouni Forsstr\u00f6m jouni@aikuiseksi.com +358400873388 Hinnasto Energiahoidot 80\u20ac kerta, 10X sarjakortti 500\u20ac, voi my\u00f6s k\u00e4ytt\u00e4\u00e4 yrityksen tai perheen ja yst\u00e4vien kesken. Access Bars -hoidot 60 &#8211; 70\u20ac Seksuaalineuvonta 45min 60\u20ac, 90min &hellip; <\/p>\n","protected":false},"author":1,"featured_media":256,"parent":0,"menu_order":0,"comment_status":"closed","ping_status":"closed","template":"","meta":{"footnotes":""},"class_list":["post-26","page","type-page","status-publish","has-post-thumbnail","hentry"],"_links":{"self":[{"href":"https:\/\/aikuiseksi.com\/index.php?rest_route=\/wp\/v2\/pages\/26","targetHints":{"allow":["GET"]}}],"collection":[{"href":"https:\/\/aikuiseksi.com\/index.php?rest_route=\/wp\/v2\/pages"}],"about":[{"href":"https:\/\/aikuiseksi.com\/index.php?rest_route=\/wp\/v2\/types\/page"}],"author":[{"embeddable":true,"href":"https:\/\/aikuiseksi.com\/index.php?rest_route=\/wp\/v2\/users\/1"}],"replies":[{"embeddable":true,"href":"https:\/\/aikuiseksi.com\/index.php?rest_route=%2Fwp%2Fv2%2Fcomments&post=26"}],"version-history":[{"count":28,"href":"https:\/\/aikuiseksi.com\/index.php?rest_route=\/wp\/v2\/pages\/26\/revisions"}],"predecessor-version":[{"id":457,"href":"https:\/\/aikuiseksi.com\/index.php?rest_route=\/wp\/v2\/pages\/26\/revisions\/457"}],"wp:featuredmedia":[{"embeddable":true,"href":"https:\/\/aikuiseksi.com\/index.php?rest_route=\/wp\/v2\/media\/256"}],"wp:attachment":[{"href":"https:\/\/aikuiseksi.com\/index.php?rest_route=%2Fwp%2Fv2%2Fmedia&parent=26"}],"curies":[{"name":"wp","href":"https:\/\/api.w.org\/{rel}","templated":true}]}}