{"id":22,"date":"2023-06-28T11:08:18","date_gmt":"2023-06-28T09:08:18","guid":{"rendered":"http:\/\/aikuiseksi.com\/?page_id=22"},"modified":"2026-02-09T08:27:13","modified_gmt":"2026-02-09T07:27:13","slug":"home","status":"publish","type":"page","link":"https:\/\/aikuiseksi.com\/","title":{"rendered":"Etusivu"},"content":{"rendered":"\n<div class=\"wp-block-group\"><div class=\"wp-block-group__inner-container is-layout-flow wp-block-group-is-layout-flow\">\n<div class=\"wp-block-columns is-layout-flex wp-container-core-columns-is-layout-9d6595d7 wp-block-columns-is-layout-flex\">\n<div class=\"wp-block-column is-layout-flow wp-block-column-is-layout-flow\" style=\"flex-basis:100%\"><div class=\"wp-block-image is-style-default\">\n<figure class=\"alignleft size-medium\"><img loading=\"lazy\" decoding=\"async\" width=\"200\" height=\"300\" src=\"http:\/\/aikuiseksi.com\/wp-content\/uploads\/2023\/05\/74A1158-somekoko-200x300.jpg\" alt=\"\" class=\"wp-image-202\" srcset=\"https:\/\/aikuiseksi.com\/wp-content\/uploads\/2023\/05\/74A1158-somekoko-200x300.jpg 200w, https:\/\/aikuiseksi.com\/wp-content\/uploads\/2023\/05\/74A1158-somekoko-683x1024.jpg 683w, https:\/\/aikuiseksi.com\/wp-content\/uploads\/2023\/05\/74A1158-somekoko-768x1152.jpg 768w, https:\/\/aikuiseksi.com\/wp-content\/uploads\/2023\/05\/74A1158-somekoko-40x60.jpg 40w, https:\/\/aikuiseksi.com\/wp-content\/uploads\/2023\/05\/74A1158-somekoko-600x900.jpg 600w, https:\/\/aikuiseksi.com\/wp-content\/uploads\/2023\/05\/74A1158-somekoko.jpg 1000w\" sizes=\"auto, (max-width: 200px) 100vw, 200px\" \/><\/figure>\n<\/div>\n\n\n<p>Tervehdys ja tervetuloa sivuilleni.<\/p>\n\n\n\n<p>Teen energiahoitoja ja seksuaalineuvontaa t\u00e4ll\u00e4 hetkell\u00e4 sek\u00e4 et\u00e4vastaanottona ett\u00e4 Lepp\u00e4vaaarassa.<\/p>\n\n\n\n<p><\/p>\n\n\n\n<p><\/p>\n\n\n\n<p><\/p>\n\n\n\n<p><\/p>\n\n\n\n<p>Minulta saat my\u00f6s ty\u00f6hyvinvointipalveluita, jotka koostuvat kehon ja mielen tasapainottamisesta ty\u00f6ymp\u00e4rist\u00f6n vaatimusten mukaan ergonomia huomioiden.<\/p>\n\n\n\n<p>Uutuutena maksutavaksi k\u00e4yv\u00e4t my\u00f6s Edenred ja Epassi.<\/p>\n\n\n\n<p><\/p>\n<\/div>\n<\/div>\n<\/div><\/div>\n\n\n","protected":false},"excerpt":{"rendered":"<p>Tervehdys ja tervetuloa sivuilleni. Teen energiahoitoja ja seksuaalineuvontaa t\u00e4ll\u00e4 hetkell\u00e4 sek\u00e4 et\u00e4vastaanottona ett\u00e4 Lepp\u00e4vaaarassa. Minulta saat my\u00f6s ty\u00f6hyvinvointipalveluita, jotka koostuvat kehon ja mielen tasapainottamisesta ty\u00f6ymp\u00e4rist\u00f6n vaatimusten mukaan ergonomia huomioiden. Uutuutena &hellip; <\/p>\n","protected":false},"author":1,"featured_media":0,"parent":0,"menu_order":0,"comment_status":"closed","ping_status":"closed","template":"","meta":{"footnotes":""},"class_list":["post-22","page","type-page","status-publish","hentry"],"_links":{"self":[{"href":"https:\/\/aikuiseksi.com\/index.php?rest_route=\/wp\/v2\/pages\/22","targetHints":{"allow":["GET"]}}],"collection":[{"href":"https:\/\/aikuiseksi.com\/index.php?rest_route=\/wp\/v2\/pages"}],"about":[{"href":"https:\/\/aikuiseksi.com\/index.php?rest_route=\/wp\/v2\/types\/page"}],"author":[{"embeddable":true,"href":"https:\/\/aikuiseksi.com\/index.php?rest_route=\/wp\/v2\/users\/1"}],"replies":[{"embeddable":true,"href":"https:\/\/aikuiseksi.com\/index.php?rest_route=%2Fwp%2Fv2%2Fcomments&post=22"}],"version-history":[{"count":37,"href":"https:\/\/aikuiseksi.com\/index.php?rest_route=\/wp\/v2\/pages\/22\/revisions"}],"predecessor-version":[{"id":459,"href":"https:\/\/aikuiseksi.com\/index.php?rest_route=\/wp\/v2\/pages\/22\/revisions\/459"}],"wp:attachment":[{"href":"https:\/\/aikuiseksi.com\/index.php?rest_route=%2Fwp%2Fv2%2Fmedia&parent=22"}],"curies":[{"name":"wp","href":"https:\/\/api.w.org\/{rel}","templated":true}]}}