{"id":2,"date":"2019-07-06T18:10:40","date_gmt":"2019-07-06T16:10:40","guid":{"rendered":"http:\/\/aikuiseksi.com\/?page_id=2"},"modified":"2024-07-27T11:28:11","modified_gmt":"2024-07-27T09:28:11","slug":"page-d-exemple","status":"publish","type":"page","link":"https:\/\/aikuiseksi.com\/?page_id=2","title":{"rendered":"Seksuaalineuvonta"},"content":{"rendered":"\n<p>Tervetuloa p\u00e4ivitt\u00e4m\u00e4\u00e4n ajatuksia omasta seksuaalisuudestasi. Nyt tarjoan seksuaalineuvontaa my\u00f6s verkon v\u00e4lityksell\u00e4.<\/p>\n\n\n\n<p>Seksuaalineuvonta on vuorovaikutukseen perustuvaa ammatillista  neuvontaa seksuaalisuuteen, seksiin ja ihmissuhteisiin liittyviss\u00e4  kysymyksiss\u00e4. K\u00e4yntikertoja on yleens\u00e4 1\u20135. Voit hakeutua neuvontaan  yksin tai kumppanisi\/kumppaneidesi kanssa.<\/p>\n\n\n\n<p>Lyhyest\u00e4 seksuaalineuvonnasta voi olla apua, kun pohdit omaa  seksuaalisuuttasi, mieltymyksi\u00e4si tai suhdettasi, tai kun mietit, onko  jokin esimerkiksi turvallista, sallittua tai tavallista.  Neuvontatapaamisessa saat oikeaa tietoa ja voit l\u00f6yt\u00e4\u00e4 uusia n\u00e4k\u00f6kulmia  ja ratkaisuja tilanteeseesi. Tavoitteena on ennaltaehk\u00e4ist\u00e4 vakavien  ongelmien syntymist\u00e4 ja kasvamista. Tarvittaessa saat ohjausta muihin  palveluihin.<\/p>\n\n\n\n<p>Seksuaalineuvontatapaamisissa vaatteet pysyv\u00e4t p\u00e4\u00e4ll\u00e4 emmek\u00e4 ole fyysisess\u00e4 kontaktissa. Keskustelu on aina luottamuksellista ja voit halutessasi hakeutua neuvontaan nimett\u00f6m\u00e4n\u00e4.<\/p>\n","protected":false},"excerpt":{"rendered":"<p>Tervetuloa p\u00e4ivitt\u00e4m\u00e4\u00e4n ajatuksia omasta seksuaalisuudestasi. Nyt tarjoan seksuaalineuvontaa my\u00f6s verkon v\u00e4lityksell\u00e4. Seksuaalineuvonta on vuorovaikutukseen perustuvaa ammatillista neuvontaa seksuaalisuuteen, seksiin ja ihmissuhteisiin liittyviss\u00e4 kysymyksiss\u00e4. K\u00e4yntikertoja on yleens\u00e4 1\u20135. Voit hakeutua neuvontaan &hellip; <\/p>\n","protected":false},"author":1,"featured_media":0,"parent":0,"menu_order":0,"comment_status":"closed","ping_status":"open","template":"","meta":{"footnotes":""},"class_list":["post-2","page","type-page","status-publish","hentry"],"_links":{"self":[{"href":"https:\/\/aikuiseksi.com\/index.php?rest_route=\/wp\/v2\/pages\/2","targetHints":{"allow":["GET"]}}],"collection":[{"href":"https:\/\/aikuiseksi.com\/index.php?rest_route=\/wp\/v2\/pages"}],"about":[{"href":"https:\/\/aikuiseksi.com\/index.php?rest_route=\/wp\/v2\/types\/page"}],"author":[{"embeddable":true,"href":"https:\/\/aikuiseksi.com\/index.php?rest_route=\/wp\/v2\/users\/1"}],"replies":[{"embeddable":true,"href":"https:\/\/aikuiseksi.com\/index.php?rest_route=%2Fwp%2Fv2%2Fcomments&post=2"}],"version-history":[{"count":6,"href":"https:\/\/aikuiseksi.com\/index.php?rest_route=\/wp\/v2\/pages\/2\/revisions"}],"predecessor-version":[{"id":184,"href":"https:\/\/aikuiseksi.com\/index.php?rest_route=\/wp\/v2\/pages\/2\/revisions\/184"}],"wp:attachment":[{"href":"https:\/\/aikuiseksi.com\/index.php?rest_route=%2Fwp%2Fv2%2Fmedia&parent=2"}],"curies":[{"name":"wp","href":"https:\/\/api.w.org\/{rel}","templated":true}]}}