{"id":102,"date":"2023-06-28T11:20:04","date_gmt":"2023-06-28T09:20:04","guid":{"rendered":"http:\/\/aikuiseksi.com\/?page_id=102"},"modified":"2025-06-29T12:20:14","modified_gmt":"2025-06-29T10:20:14","slug":"energiahoidot","status":"publish","type":"page","link":"https:\/\/aikuiseksi.com\/?page_id=102","title":{"rendered":"Energiahoito"},"content":{"rendered":"\n<p>Energiahoitoni perustuu monen eri energiahoitomenetelm\u00e4n kokonaisuuteen asiakkaan tarpeiden mukaan.<\/p>\n\n\n\n<p>Olen oman sairauteni hoitamisesta saatujen hyvien tulosten vuoksi keskittynyt paljon kivunhoitoon yhdistelem\u00e4ll\u00e4 eri tekniikoita ja tulokset hoidettavilla ovat olleet hyvi\u00e4. Yhdist\u00e4n hoidoissani my\u00f6s hypnoosia, Reiki\u00e4 ja p\u00e4\u00e4n energiapisteiden erityist\u00e4 huomioimista. N\u00e4iden yhdistelm\u00e4 helpottaa kokonaisvaltaisesti hermoston stressitilaa ja ne ovat antaneet hyvi\u00e4 vasteita kivunhoidossa.<\/p>\n\n\n\n<p>Intention luominen jatkuvasti hoidon aikana on yksi avainasioista hoidon onnistumisessa. Se pit\u00e4\u00e4 fokuksen positiivisissa asioissa ja auttaa kehoa ja mielt\u00e4 voimaan paremmin.<\/p>\n\n\n\n<p>Kokonaisvaltaisuus on se taikasana, jota kohti pyrin. Se alkaa siit\u00e4, ett\u00e4 j\u00e4tet\u00e4\u00e4n negatiivinen ajattelu sivuun ja keskityt\u00e4\u00e4n positiiviseen tulokseen. Sen sijaan, ett\u00e4 kerrottaisiin keholle, ett\u00e4 &#8221;aina sattuu&#8221; tai &#8221;koskaan ei ole hyvin&#8221; kerrotaankin siit\u00e4, ett\u00e4 nyt on t\u00e4m\u00e4 tilanne ja tilanne muuttuu parempaan p\u00e4in.<\/p>\n\n\n\n<p>Krooninen stressi on usein isosti vaikuttava tekij\u00e4 kroonisen kivun syntymisess\u00e4. Kipua on my\u00f6s vaikea hoitaa ilman sen syiden v\u00e4hent\u00e4mist\u00e4 tai poistamista. Kehon ollessa jatkuvassa stressitilassa kivun takia ja kiputilassa stressin takia, on kierre aika yksisuuntainen ja valmis. Tehokas stressin katkaisu ja samalla kiputilan hoito antaa keholle t\u00e4rke\u00e4n viestin siit\u00e4, ett\u00e4 on mahdollista saada olemisen ja el\u00e4m\u00e4n laatua paremmaksi. <\/p>\n\n\n\n<p>Kipuun liittyy l\u00e4heisesti hermoston toiminta, sill\u00e4 kivun ja stressin aikana sympaattinen hermosto on aktivoitunut ja ohjaa kehoa. Jos parasympaattinen hermosto ei aktivoidu, on kierrett\u00e4 aika mahdoton katkaista. <\/p>\n\n\n\n<p>Parasympaattisen hermoston aktivointi rentouttamalla ensin koko keho on hyv\u00e4 alku hoitamisessa. Silloin keho oppii pikkuhiljaa taas sen, ett\u00e4 se osaa hoitaa itse\u00e4\u00e4n. Kun keholle annetaan siihen mahdollisuuksia ja autetaan oikeaan suuntaan, ovat tulokset usein hyvi\u00e4.  T\u00e4rke\u00e4\u00e4 on antaa kehon oman hermoj\u00e4rjestelm\u00e4n tasapainottaa kehon toimintaa. Ei hoideta vain oiretta, vaan juurisyit\u00e4 stressiin ja kipuun.<\/p>\n\n\n\n<p><\/p>\n\n\n\n<p>Autonominen (tahdosta riippumaton) hermosto koostuu sympaattisesta ja parasympaattisesta hermostosta. Sympaattinen hermosto huolehtii selviytymisest\u00e4: taistele, pakene, j\u00e4hmety. Ylivirittyneen\u00e4 se aiheuttaa stressin kertymist\u00e4 ja kroonistumista. Parasympaattinen hermosto huolehtii levosta, unesta, palautumisesta ja paranemisesta ja hoidossa k\u00e4ynnistet\u00e4\u00e4n juuri parasympaattinen hermosto ohjaamaan kehon toimintaa.<\/p>\n\n\n\n<p>Itse kehon hoito antaa kehon asettua oikeaan asentoon, jolloin jumit ja j\u00e4nnitykset poistuvat. Toistettuna hoito opettaa kehoa itse pit\u00e4m\u00e4\u00e4n huolta oikeasta asennostaan, joten sarjahoito aluksi kannattaa aina. Erilaiset kulumat v\u00e4henev\u00e4t merkitt\u00e4v\u00e4sti, kun keho pysyy oikeassa asennossa.<\/p>\n\n\n\n<p>Rentoutuessaan keho tuntee olonsa my\u00f6s turvalliseksi, jolloin se usein alkaa purkaa traumoja ja kokemuksia. Niit\u00e4 voidaan samassa yhteydess\u00e4 tai erikseen hoitaa sovitussa m\u00e4\u00e4rin pois. <\/p>\n\n\n\n<p>Tunnekehon eli chakrojen hoidolla on mahdollista p\u00e4\u00e4st\u00e4 k\u00e4siksi erilaisiin tunnejumeihin tai traumoihin ja vapautua niist\u00e4 tai lievent\u00e4\u00e4 niit\u00e4. Keho varastoi koko eletyn el\u00e4m\u00e4n ja joskus on hy\u00f6dyllist\u00e4 saada k\u00e4sitelty\u00e4 niit\u00e4 asioita, jotka aiheuttavat voimakkaita tunteita p\u00e4ivitt\u00e4isess\u00e4 el\u00e4m\u00e4ss\u00e4.<\/p>\n\n\n\n<p>Kivunhoitomenetelm\u00e4 on osoittautunut tehokkaaksi moniin erilaisiin kiputiloihin, my\u00f6s kroonisiin. Esimerkiksi Fibro-potilaat ovat saaneet merkitt\u00e4v\u00e4\u00e4 hy\u00f6ty\u00e4 hoidosta.<\/p>\n\n\n\n<p>Energiahoito on sarja erilaisia hyv\u00e4ksi todettuja ty\u00f6kaluja kehon ja mielen hyvinvointiin, kannattaa kokeilla!<\/p>\n\n\n\n<p><\/p>\n\n\n\n<p><\/p>\n","protected":false},"excerpt":{"rendered":"<p>Energiahoitoni perustuu monen eri energiahoitomenetelm\u00e4n kokonaisuuteen asiakkaan tarpeiden mukaan. Olen oman sairauteni hoitamisesta saatujen hyvien tulosten vuoksi keskittynyt paljon kivunhoitoon yhdistelem\u00e4ll\u00e4 eri tekniikoita ja tulokset hoidettavilla ovat olleet hyvi\u00e4. Yhdist\u00e4n &hellip; <\/p>\n","protected":false},"author":1,"featured_media":257,"parent":0,"menu_order":0,"comment_status":"closed","ping_status":"closed","template":"","meta":{"footnotes":""},"class_list":["post-102","page","type-page","status-publish","has-post-thumbnail","hentry"],"_links":{"self":[{"href":"https:\/\/aikuiseksi.com\/index.php?rest_route=\/wp\/v2\/pages\/102","targetHints":{"allow":["GET"]}}],"collection":[{"href":"https:\/\/aikuiseksi.com\/index.php?rest_route=\/wp\/v2\/pages"}],"about":[{"href":"https:\/\/aikuiseksi.com\/index.php?rest_route=\/wp\/v2\/types\/page"}],"author":[{"embeddable":true,"href":"https:\/\/aikuiseksi.com\/index.php?rest_route=\/wp\/v2\/users\/1"}],"replies":[{"embeddable":true,"href":"https:\/\/aikuiseksi.com\/index.php?rest_route=%2Fwp%2Fv2%2Fcomments&post=102"}],"version-history":[{"count":19,"href":"https:\/\/aikuiseksi.com\/index.php?rest_route=\/wp\/v2\/pages\/102\/revisions"}],"predecessor-version":[{"id":432,"href":"https:\/\/aikuiseksi.com\/index.php?rest_route=\/wp\/v2\/pages\/102\/revisions\/432"}],"wp:featuredmedia":[{"embeddable":true,"href":"https:\/\/aikuiseksi.com\/index.php?rest_route=\/wp\/v2\/media\/257"}],"wp:attachment":[{"href":"https:\/\/aikuiseksi.com\/index.php?rest_route=%2Fwp%2Fv2%2Fmedia&parent=102"}],"curies":[{"name":"wp","href":"https:\/\/api.w.org\/{rel}","templated":true}]}}